{"id":17,"date":"2025-04-04T12:37:58","date_gmt":"2025-04-04T12:37:58","guid":{"rendered":"https:\/\/www.digitecpaineis.com.br\/?page_id=17"},"modified":"2025-06-18T13:15:31","modified_gmt":"2025-06-18T13:15:31","slug":"blog","status":"publish","type":"page","link":"https:\/\/www.digitecpaineis.com.br\/?page_id=17","title":{"rendered":"Blog"},"content":{"rendered":"\t\t<div data-elementor-type=\"wp-page\" data-elementor-id=\"17\" class=\"elementor elementor-17\" data-elementor-post-type=\"page\">\n\t\t\t\t\t\t<section class=\"elementor-section elementor-top-section elementor-element elementor-element-ffeb089 elementor-section-height-min-height elementor-section-boxed elementor-section-height-default elementor-section-items-middle elementor-invisible\" data-id=\"ffeb089\" data-element_type=\"section\" data-e-type=\"section\" data-settings=\"{&quot;background_background&quot;:&quot;classic&quot;,&quot;animation&quot;:&quot;fadeIn&quot;}\">\n\t\t\t\t\t\t<div class=\"elementor-container elementor-column-gap-default\">\n\t\t\t\t\t<div class=\"elementor-column elementor-col-100 elementor-top-column elementor-element elementor-element-35f844c\" data-id=\"35f844c\" data-element_type=\"column\" data-e-type=\"column\">\n\t\t\t<div class=\"elementor-widget-wrap elementor-element-populated\">\n\t\t\t\t\t\t<div class=\"elementor-element elementor-element-8fcf948 cor elementor-widget elementor-widget-heading\" data-id=\"8fcf948\" data-element_type=\"widget\" data-e-type=\"widget\" data-widget_type=\"heading.default\">\n\t\t\t\t\t<h2 class=\"elementor-heading-title elementor-size-default\">Blog<\/h2>\t\t\t\t<\/div>\n\t\t\t\t<div class=\"elementor-element elementor-element-b284f21 elementor-widget elementor-widget-heading\" data-id=\"b284f21\" data-element_type=\"widget\" data-e-type=\"widget\" data-widget_type=\"heading.default\">\n\t\t\t\t\t<p class=\"elementor-heading-title elementor-size-default\"><a href=\"https:\/\/www.digitecpaineis.com.br\/\">Home | Blog<\/a><\/p>\t\t\t\t<\/div>\n\t\t\t\t\t<\/div>\n\t\t<\/div>\n\t\t\t\t\t<\/div>\n\t\t<\/section>\n\t\t\t\t<section class=\"elementor-section elementor-top-section elementor-element elementor-element-5835b7c elementor-section-boxed elementor-section-height-default elementor-section-height-default elementor-invisible\" data-id=\"5835b7c\" data-element_type=\"section\" data-e-type=\"section\" data-settings=\"{&quot;animation&quot;:&quot;fadeInUp&quot;,&quot;background_background&quot;:&quot;classic&quot;}\">\n\t\t\t\t\t\t<div class=\"elementor-container elementor-column-gap-default\">\n\t\t\t\t\t<div class=\"elementor-column elementor-col-100 elementor-top-column elementor-element elementor-element-b99e23c\" data-id=\"b99e23c\" data-element_type=\"column\" data-e-type=\"column\">\n\t\t\t<div class=\"elementor-widget-wrap elementor-element-populated\">\n\t\t\t\t\t\t<div class=\"elementor-element elementor-element-66cb8d0 elementor-widget elementor-widget-heading\" data-id=\"66cb8d0\" data-element_type=\"widget\" data-e-type=\"widget\" data-widget_type=\"heading.default\">\n\t\t\t\t\t<h2 class=\"elementor-heading-title elementor-size-default\">Dicas e conte\u00fados sobre m\u00eddia exterior<\/h2>\t\t\t\t<\/div>\n\t\t\t\t<div class=\"elementor-element elementor-element-da4e500 elementor-invisible elementor-widget elementor-widget-heading\" data-id=\"da4e500\" data-element_type=\"widget\" data-e-type=\"widget\" data-settings=\"{&quot;_animation&quot;:&quot;fadeInUp&quot;}\" data-widget_type=\"heading.default\">\n\t\t\t\t\t<p class=\"elementor-heading-title elementor-size-default\">Acompanhe as novidades do setor, tire d\u00favidas sobre formatos e veja como campanhas <br>bem posicionadas podem transformar o seu neg\u00f3cio.<\/p>\t\t\t\t<\/div>\n\t\t\t\t<div class=\"elementor-element elementor-element-577b6dd elementor-grid-3 elementor-grid-tablet-2 elementor-grid-mobile-1 elementor-posts--thumbnail-top elementor-widget elementor-widget-posts\" data-id=\"577b6dd\" data-element_type=\"widget\" data-e-type=\"widget\" data-settings=\"{&quot;classic_columns&quot;:&quot;3&quot;,&quot;classic_columns_tablet&quot;:&quot;2&quot;,&quot;classic_columns_mobile&quot;:&quot;1&quot;,&quot;classic_row_gap&quot;:{&quot;unit&quot;:&quot;px&quot;,&quot;size&quot;:35,&quot;sizes&quot;:[]},&quot;classic_row_gap_tablet&quot;:{&quot;unit&quot;:&quot;px&quot;,&quot;size&quot;:&quot;&quot;,&quot;sizes&quot;:[]},&quot;classic_row_gap_mobile&quot;:{&quot;unit&quot;:&quot;px&quot;,&quot;size&quot;:&quot;&quot;,&quot;sizes&quot;:[]}}\" data-widget_type=\"posts.classic\">\n\t\t\t\t<div class=\"elementor-widget-container\">\n\t\t\t\t\t\t\t<div class=\"elementor-posts-container elementor-posts elementor-posts--skin-classic elementor-grid\">\n\t\t\t\t<article class=\"elementor-post elementor-grid-item post-280 post type-post status-publish format-standard has-post-thumbnail hentry category-uncategorized\">\n\t\t\t\t<a class=\"elementor-post__thumbnail__link\" href=\"https:\/\/www.digitecpaineis.com.br\/?p=280\" tabindex=\"-1\" >\n\t\t\t<div class=\"elementor-post__thumbnail\"><img fetchpriority=\"high\" decoding=\"async\" width=\"300\" height=\"169\" src=\"https:\/\/www.digitecpaineis.com.br\/wp-content\/uploads\/2025\/04\/esplanadas-urbanas-iluminadas-da-cidade-300x169.png\" class=\"attachment-medium size-medium wp-image-865\" alt=\"\" srcset=\"https:\/\/www.digitecpaineis.com.br\/wp-content\/uploads\/2025\/04\/esplanadas-urbanas-iluminadas-da-cidade-300x169.png 300w, https:\/\/www.digitecpaineis.com.br\/wp-content\/uploads\/2025\/04\/esplanadas-urbanas-iluminadas-da-cidade-1024x576.png 1024w, https:\/\/www.digitecpaineis.com.br\/wp-content\/uploads\/2025\/04\/esplanadas-urbanas-iluminadas-da-cidade-768x432.png 768w, https:\/\/www.digitecpaineis.com.br\/wp-content\/uploads\/2025\/04\/esplanadas-urbanas-iluminadas-da-cidade-1536x863.png 1536w, https:\/\/www.digitecpaineis.com.br\/wp-content\/uploads\/2025\/04\/esplanadas-urbanas-iluminadas-da-cidade.png 1690w\" sizes=\"(max-width: 300px) 100vw, 300px\" \/><\/div>\n\t\t<\/a>\n\t\t\t\t<div class=\"elementor-post__text\">\n\t\t\t\t<h3 class=\"elementor-post__title\">\n\t\t\t<a href=\"https:\/\/www.digitecpaineis.com.br\/?p=280\" >\n\t\t\t\tOutdoor ou painel de LED? Entenda as diferen\u00e7as e qual escolher\t\t\t<\/a>\n\t\t<\/h3>\n\t\t\t\t<div class=\"elementor-post__meta-data\">\n\t\t\t\t\t<span class=\"elementor-post-date\">\n\t\t\tabril 4, 2025\t\t<\/span>\n\t\t\t\t<\/div>\n\t\t\t\t<div class=\"elementor-post__excerpt\">\n\t\t\t\t\t<\/div>\n\t\t\t\t<\/div>\n\t\t\t\t<\/article>\n\t\t\t\t<article class=\"elementor-post elementor-grid-item post-279 post type-post status-publish format-standard has-post-thumbnail hentry category-uncategorized\">\n\t\t\t\t<a class=\"elementor-post__thumbnail__link\" href=\"https:\/\/www.digitecpaineis.com.br\/?p=279\" tabindex=\"-1\" >\n\t\t\t<div class=\"elementor-post__thumbnail\"><img decoding=\"async\" width=\"300\" height=\"200\" src=\"https:\/\/www.digitecpaineis.com.br\/wp-content\/uploads\/2025\/04\/vista-traseira-dos-executivos-mostra-sua-aprovacao-levantando-as-maos-300x200.png\" class=\"attachment-medium size-medium wp-image-867\" alt=\"\" srcset=\"https:\/\/www.digitecpaineis.com.br\/wp-content\/uploads\/2025\/04\/vista-traseira-dos-executivos-mostra-sua-aprovacao-levantando-as-maos-300x200.png 300w, https:\/\/www.digitecpaineis.com.br\/wp-content\/uploads\/2025\/04\/vista-traseira-dos-executivos-mostra-sua-aprovacao-levantando-as-maos-1024x682.png 1024w, https:\/\/www.digitecpaineis.com.br\/wp-content\/uploads\/2025\/04\/vista-traseira-dos-executivos-mostra-sua-aprovacao-levantando-as-maos-768x512.png 768w, https:\/\/www.digitecpaineis.com.br\/wp-content\/uploads\/2025\/04\/vista-traseira-dos-executivos-mostra-sua-aprovacao-levantando-as-maos.png 1426w\" sizes=\"(max-width: 300px) 100vw, 300px\" \/><\/div>\n\t\t<\/a>\n\t\t\t\t<div class=\"elementor-post__text\">\n\t\t\t\t<h3 class=\"elementor-post__title\">\n\t\t\t<a href=\"https:\/\/www.digitecpaineis.com.br\/?p=279\" >\n\t\t\t\tComo montar uma campanha pol\u00edtica com m\u00eddia exterior eficaz\t\t\t<\/a>\n\t\t<\/h3>\n\t\t\t\t<div class=\"elementor-post__meta-data\">\n\t\t\t\t\t<span class=\"elementor-post-date\">\n\t\t\tabril 4, 2025\t\t<\/span>\n\t\t\t\t<\/div>\n\t\t\t\t<div class=\"elementor-post__excerpt\">\n\t\t\t\t\t<\/div>\n\t\t\t\t<\/div>\n\t\t\t\t<\/article>\n\t\t\t\t<article class=\"elementor-post elementor-grid-item post-278 post type-post status-publish format-standard has-post-thumbnail hentry category-uncategorized\">\n\t\t\t\t<a class=\"elementor-post__thumbnail__link\" href=\"https:\/\/www.digitecpaineis.com.br\/?p=278\" tabindex=\"-1\" >\n\t\t\t<div class=\"elementor-post__thumbnail\"><img decoding=\"async\" width=\"300\" height=\"169\" src=\"https:\/\/www.digitecpaineis.com.br\/wp-content\/uploads\/2025\/04\/pessoa-com-bone-de-malha-preta-e-jaqueta-marrom-em-pe-na-rua-durante-noite-300x169.png\" class=\"attachment-medium size-medium wp-image-866\" alt=\"\" srcset=\"https:\/\/www.digitecpaineis.com.br\/wp-content\/uploads\/2025\/04\/pessoa-com-bone-de-malha-preta-e-jaqueta-marrom-em-pe-na-rua-durante-noite-300x169.png 300w, https:\/\/www.digitecpaineis.com.br\/wp-content\/uploads\/2025\/04\/pessoa-com-bone-de-malha-preta-e-jaqueta-marrom-em-pe-na-rua-durante-noite-1024x576.png 1024w, https:\/\/www.digitecpaineis.com.br\/wp-content\/uploads\/2025\/04\/pessoa-com-bone-de-malha-preta-e-jaqueta-marrom-em-pe-na-rua-durante-noite-768x432.png 768w, https:\/\/www.digitecpaineis.com.br\/wp-content\/uploads\/2025\/04\/pessoa-com-bone-de-malha-preta-e-jaqueta-marrom-em-pe-na-rua-durante-noite-1536x863.png 1536w, https:\/\/www.digitecpaineis.com.br\/wp-content\/uploads\/2025\/04\/pessoa-com-bone-de-malha-preta-e-jaqueta-marrom-em-pe-na-rua-durante-noite.png 1690w\" sizes=\"(max-width: 300px) 100vw, 300px\" \/><\/div>\n\t\t<\/a>\n\t\t\t\t<div class=\"elementor-post__text\">\n\t\t\t\t<h3 class=\"elementor-post__title\">\n\t\t\t<a href=\"https:\/\/www.digitecpaineis.com.br\/?p=278\" >\n\t\t\t\tOs 5 erros mais comuns ao anunciar na rua \u2013 e como evit\u00e1-los\t\t\t<\/a>\n\t\t<\/h3>\n\t\t\t\t<div class=\"elementor-post__meta-data\">\n\t\t\t\t\t<span class=\"elementor-post-date\">\n\t\t\tabril 4, 2025\t\t<\/span>\n\t\t\t\t<\/div>\n\t\t\t\t<div class=\"elementor-post__excerpt\">\n\t\t\t\t\t<\/div>\n\t\t\t\t<\/div>\n\t\t\t\t<\/article>\n\t\t\t\t<\/div>\n\t\t\n\t\t\t\t\t\t<\/div>\n\t\t\t\t<\/div>\n\t\t\t\t\t<\/div>\n\t\t<\/div>\n\t\t\t\t\t<\/div>\n\t\t<\/section>\n\t\t\t\t<\/div>\n\t\t","protected":false},"excerpt":{"rendered":"<p>Dicas e conte\u00fados sobre m\u00eddia exterior Acompanhe as novidades do setor, tire d\u00favidas sobre formatos e veja como campanhas bem posicionadas podem transformar o seu neg\u00f3cio.<\/p>\n","protected":false},"author":1,"featured_media":0,"parent":0,"menu_order":0,"comment_status":"closed","ping_status":"closed","template":"elementor_header_footer","meta":{"footnotes":""},"class_list":["post-17","page","type-page","status-publish","hentry"],"_links":{"self":[{"href":"https:\/\/www.digitecpaineis.com.br\/index.php?rest_route=\/wp\/v2\/pages\/17","targetHints":{"allow":["GET"]}}],"collection":[{"href":"https:\/\/www.digitecpaineis.com.br\/index.php?rest_route=\/wp\/v2\/pages"}],"about":[{"href":"https:\/\/www.digitecpaineis.com.br\/index.php?rest_route=\/wp\/v2\/types\/page"}],"author":[{"embeddable":true,"href":"https:\/\/www.digitecpaineis.com.br\/index.php?rest_route=\/wp\/v2\/users\/1"}],"replies":[{"embeddable":true,"href":"https:\/\/www.digitecpaineis.com.br\/index.php?rest_route=%2Fwp%2Fv2%2Fcomments&post=17"}],"version-history":[{"count":16,"href":"https:\/\/www.digitecpaineis.com.br\/index.php?rest_route=\/wp\/v2\/pages\/17\/revisions"}],"predecessor-version":[{"id":860,"href":"https:\/\/www.digitecpaineis.com.br\/index.php?rest_route=\/wp\/v2\/pages\/17\/revisions\/860"}],"wp:attachment":[{"href":"https:\/\/www.digitecpaineis.com.br\/index.php?rest_route=%2Fwp%2Fv2%2Fmedia&parent=17"}],"curies":[{"name":"wp","href":"https:\/\/api.w.org\/{rel}","templated":true}]}}